{"id":10,"date":"2017-11-04T12:52:04","date_gmt":"2017-11-04T12:52:04","guid":{"rendered":"http:\/\/dynamix.acoda.com\/horizon\/?page_id=10"},"modified":"2020-09-30T10:56:56","modified_gmt":"2020-09-30T08:56:56","slug":"o-nas","status":"publish","type":"page","link":"https:\/\/mtconstruction.pl\/index.php\/o-nas\/","title":{"rendered":"O nas"},"content":{"rendered":"<p>[vc_row][vc_column][vc_column_text]<\/p>\n<div id=\"block-null\" class=\"sqs-block html-block sqs-block-html\">\n<div id=\"yui_3_17_2_1_1509808065089_338\" class=\"sqs-block-content\">\n<h2 id=\"yui_3_17_2_1_1509808065089_337\">\u015awiadczymy kompleksowe us\u0142ugi spawania konstrukcji stalowych dla naszych kontrahent\u00f3w.<\/h2>\n<p>&nbsp;<\/p>\n<h3>NASZA MISJA<\/h3>\n<p>Jeste\u015bmy dynamicznie rozwijaj\u0105c\u0105 si\u0119 firm\u0105, kt\u00f3ra za cel stawia sobie wdra\u017canie innowacji przy zachowaniu najwy\u017cszych standard\u00f3w jako\u015bci.<\/p><\/div>\n<\/div>\n<p>[\/vc_column_text][vc_empty_space height=&#8221;70px&#8221;][vc_empty_space height=&#8221;70px&#8221;][vc_separator color=&#8221;grey&#8221;][vc_separator color=&#8221;grey&#8221;][vc_empty_space height=&#8221;70px&#8221;][blockquote]<\/p>\n<p style=\"text-align: center;\">Ws\u0142uchujemy si\u0119 w potrzeby naszych klient\u00f3w. Za cel stawiamy sobie realizacj\u0119 najbardziej nietypowych projekt\u00f3w wed\u0142ug indywidualnych preferencji klienta.<\/p>\n<p style=\"text-align: center;\"><em><span style=\"color: #999999;\">\u2014 Jakub Chmiel, W\u0142a\u015bciciel<\/span><\/em><\/p>\n<p>[\/blockquote][vc_empty_space height=&#8221;40px&#8221;][vc_separator color=&#8221;grey&#8221;][\/vc_column][\/vc_row][vc_row][vc_column][\/vc_column][\/vc_row]<\/p>\n","protected":false},"excerpt":{"rendered":"<p>[vc_row][vc_column][vc_column_text] \u015awiadczymy kompleksowe us\u0142ugi spawania konstrukcji stalowych dla naszych kontrahent\u00f3w. &nbsp; NASZA MISJA Jeste\u015bmy dynamicznie rozwijaj\u0105c\u0105 si\u0119 firm\u0105, kt\u00f3ra za cel stawia sobie wdra\u017canie innowacji przy zachowaniu najwy\u017cszych standard\u00f3w jako\u015bci. [\/vc_column_text][vc_empty_space height=&#8221;70px&#8221;][vc_empty_space height=&#8221;70px&#8221;][vc_separator color=&#8221;grey&#8221;][vc_separator color=&#8221;grey&#8221;][vc_empty_space height=&#8221;70px&#8221;][blockquote] Ws\u0142uchujemy si\u0119 w potrzeby naszych klient\u00f3w. Za cel stawiamy sobie realizacj\u0119 najbardziej nietypowych projekt\u00f3w wed\u0142ug indywidualnych preferencji klienta. \u2014<a class=\"read-more\" href=\"https:\/\/mtconstruction.pl\/index.php\/o-nas\/\">Continue reading <i class=\"fal fa-angle-right\"><\/i><\/a><\/p>\n","protected":false},"author":1,"featured_media":387,"parent":0,"menu_order":0,"comment_status":"closed","ping_status":"closed","template":"","meta":[],"_links":{"self":[{"href":"https:\/\/mtconstruction.pl\/index.php\/wp-json\/wp\/v2\/pages\/10"}],"collection":[{"href":"https:\/\/mtconstruction.pl\/index.php\/wp-json\/wp\/v2\/pages"}],"about":[{"href":"https:\/\/mtconstruction.pl\/index.php\/wp-json\/wp\/v2\/types\/page"}],"author":[{"embeddable":true,"href":"https:\/\/mtconstruction.pl\/index.php\/wp-json\/wp\/v2\/users\/1"}],"replies":[{"embeddable":true,"href":"https:\/\/mtconstruction.pl\/index.php\/wp-json\/wp\/v2\/comments?post=10"}],"version-history":[{"count":6,"href":"https:\/\/mtconstruction.pl\/index.php\/wp-json\/wp\/v2\/pages\/10\/revisions"}],"predecessor-version":[{"id":407,"href":"https:\/\/mtconstruction.pl\/index.php\/wp-json\/wp\/v2\/pages\/10\/revisions\/407"}],"wp:featuredmedia":[{"embeddable":true,"href":"https:\/\/mtconstruction.pl\/index.php\/wp-json\/wp\/v2\/media\/387"}],"wp:attachment":[{"href":"https:\/\/mtconstruction.pl\/index.php\/wp-json\/wp\/v2\/media?parent=10"}],"curies":[{"name":"wp","href":"https:\/\/api.w.org\/{rel}","templated":true}]}}