{"id":16,"date":"2017-11-04T12:53:12","date_gmt":"2017-11-04T12:53:12","guid":{"rendered":"http:\/\/dynamix.acoda.com\/horizon\/?page_id=16"},"modified":"2021-11-10T10:45:51","modified_gmt":"2021-11-10T09:45:51","slug":"kontakt","status":"publish","type":"page","link":"https:\/\/mtconstruction.pl\/index.php\/kontakt\/","title":{"rendered":"Kontakt"},"content":{"rendered":"<p>[vc_row][vc_column][vc_separator css=&#8221;.vc_custom_1599564356041{padding-bottom: 10px !important;}&#8221;][vc_column_text]<\/p>\n<h3 id=\"yui_3_17_2_1_1509817808874_331\">SKONTAKTUJ SI\u0118 Z NAMI<\/h3>\n<p>[\/vc_column_text][vc_empty_space height=&#8221;30px&#8221;][vc_message css_animation=&#8221;fadeIn&#8221;]Szanowni Pa\u0144stwo,<\/p>\n<p>informujemy, \u017ce interesant\u00f3w przyjmujemy w pi\u0105tki w godzinach od 8:00 do 16:00 w naszym biurze pod adresem ul. Pu\u0142awska 1A\/1, 02-515 Warszawa. Przed wizyt\u0105 prosimy o kontakt telefoniczny lub mailowy.[\/vc_message][vc_column_text css=&#8221;.vc_custom_1599633733527{margin-bottom: 15px !important;}&#8221;]<\/p>\n<h5><strong>MT Construction Jakub Chmiel<\/strong><\/h5>\n<p>[\/vc_column_text][vc_column_text css=&#8221;.vc_custom_1608034890837{margin-top: 15px !important;margin-bottom: 30px !important;}&#8221;]<\/p>\n<h4>SIEDZIBA G\u0141\u00d3WNA<\/h4>\n<table style=\"border-collapse: inherit; border-color: inherit; text-align: center; vertical-align: middle; border: 0px;\">\n<tbody>\n<tr style=\"color: rgba(26,26,26,0.7); background-color: #ffffff00; margin: 0 0 0 0;\">\n<td style=\"text-align: center; vertical-align: middle; margin: 0 0 0 0;\">[vc_icon icon_fontawesome=&#8221;fa fa-home&#8221; color=&#8221;orange&#8221; align=&#8221;center&#8221;]<\/td>\n<td style=\"text-align: left; vertical-align: middle; margin: 0 0 0 0;\">ul. Pu\u0142awska 1A\/1<br \/>\n02-515 Warszawa<\/td>\n<\/tr>\n<tr style=\"color: rgba(26,26,26,0.7); background-color: #ffffff00; margin: 0 0 0 0;\">\n<td style=\"text-align: center; vertical-align: middle; margin: 0 0 0 0;\">[vc_icon icon_fontawesome=&#8221;fa fa-phone&#8221; color=&#8221;orange&#8221; align=&#8221;center&#8221;]<\/td>\n<td style=\"text-align: left; vertical-align: middle; margin: 0 0 0 0;\">+48 531 005 939<\/td>\n<\/tr>\n<tr style=\"color: rgba(26,26,26,0.7); background-color: #ffffff00; margin: 0 0 0 0;\">\n<td style=\"text-align: center; vertical-align: middle; margin: 0 0 0 0;\">[vc_icon icon_fontawesome=&#8221;fa fa-info&#8221; color=&#8221;orange&#8221; align=&#8221;center&#8221;]<\/td>\n<td style=\"text-align: left; vertical-align: middle; margin: 0 0 0 0;\">NIP: 9591707338<br \/>\nREGON: 385941997<\/td>\n<\/tr>\n<\/tbody>\n<\/table>\n<p>[\/vc_column_text][vc_column_text css=&#8221;.vc_custom_1608034906533{margin-top: 15px !important;margin-bottom: 30px !important;}&#8221;]<\/p>\n<h4>DODATKOWE MIEJSCE WYKONYWANIA DZIA\u0141ALNO\u015aCI<\/h4>\n<table style=\"border-collapse: inherit; border-color: inherit; text-align: center; vertical-align: middle; border: 0px;\">\n<tbody>\n<tr style=\"color: rgba(26,26,26,0.7); background-color: #ffffff00; margin: 0 0 0 0;\">\n<td style=\"text-align: center; vertical-align: middle; margin: 0 0 0 0;\">[vc_icon icon_fontawesome=&#8221;fa fa-home&#8221; color=&#8221;orange&#8221; align=&#8221;center&#8221;]<\/td>\n<td style=\"text-align: left; vertical-align: middle; margin: 0 0 0 0;\">ul. Ksi\u0119dza Piotra \u015aciegiennego 264A<br \/>\n25-116 Kielce<\/td>\n<\/tr>\n<\/tbody>\n<\/table>\n<p>[\/vc_column_text][vc_separator css=&#8221;.vc_custom_1599564155179{padding-bottom: 10px !important;}&#8221;][vc_column_text]<\/p>\n<h3 id=\"yui_3_17_2_1_1509817808874_331\">NASZA LOKALIZACJA<\/h3>\n<p>[\/vc_column_text][vc_empty_space height=&#8221;30px&#8221;][vc_gmaps link=&#8221;#E-8_JTNDaWZyYW1lJTBBJTIwJTIwJTIwJTIwc3JjJTNEJTIyaHR0cHMlM0ElMkYlMkZ3d3cuZ29vZ2xlLmNvbSUyRm1hcHMlMkZlbWJlZCUzRnBiJTNEJTIxMW0xOCUyMTFtMTIlMjExbTMlMjExZDMyNjMuMjgzNjc3OTM5MjkzMyUyMTJkMjEuMDIyNDYwOTI1MzAwNjY3JTIxM2Q1Mi4yMTI0ODk0MDQyNDI5JTIxMm0zJTIxMWYwJTIxMmYwJTIxM2YwJTIxM20yJTIxMWkxMDI0JTIxMmk3NjglMjE0ZjEzLjElMjEzbTMlMjExbTIlMjExczB4NDcxNzg5NjlmZWQ2NGVkZiUyNTNBMHg1YzdlYTlkNmZmY2U4ZDI3JTIxMnNNVCUyNTIwQ29uc3RydWN0aW9uJTI1MjBKYWt1YiUyNTIwQ2htaWVsJTIxNWUwJTIxM20yJTIxMXNwbCUyMTJzcGwlMjE0djE2MDg2NDQyMDIwNDElMjE1bTIlMjExc3BsJTIxMnNwbCUyMiUwQSUyMCUyMCUyMCUyMHdpZHRoJTNEJTIyNjAwJTIyJTIwaGVpZ2h0JTNEJTIyNDUwJTIyJTIwZnJhbWVib3JkZXIlM0QlMjIwJTIyJTIwc3R5bGUlM0QlMjJib3JkZXIlM0EwJTNCJTIyJTIwYWxsb3dmdWxsc2NyZWVuJTNEJTIyJTIyJTIwYXJpYS1oaWRkZW4lM0QlMjJmYWxzZSUyMiUwQSUyMCUyMCUyMCUyMHRhYmluZGV4JTNEJTIyMCUyMiUzRSUzQyUyRmlmcmFtZSUzRQ==&#8221; size=&#8221;standart&#8221;][\/vc_column][\/vc_row][vc_row][vc_column][vc_separator css=&#8221;.vc_custom_1599564374603{padding-bottom: 10px !important;}&#8221;][vc_column_text]<\/p>\n<h3 id=\"yui_3_17_2_1_1509817808874_331\">NAPISZ DO NAS<\/h3>\n<p>[\/vc_column_text][vc_empty_space height=&#8221;30px&#8221;]<div role=\"form\" class=\"wpcf7\" id=\"wpcf7-f7-o1\" lang=\"pl-PL\" dir=\"ltr\">\n<div class=\"screen-reader-response\"><p role=\"status\" aria-live=\"polite\" aria-atomic=\"true\"><\/p> <ul><\/ul><\/div>\n<form action=\"\/index.php\/wp-json\/wp\/v2\/pages\/16#wpcf7-f7-o1\" method=\"post\" class=\"wpcf7-form init\" novalidate=\"novalidate\" data-status=\"init\">\n<div style=\"display: none;\">\n<input type=\"hidden\" name=\"_wpcf7\" value=\"7\" \/>\n<input type=\"hidden\" name=\"_wpcf7_version\" value=\"5.4\" \/>\n<input type=\"hidden\" name=\"_wpcf7_locale\" value=\"pl_PL\" \/>\n<input type=\"hidden\" name=\"_wpcf7_unit_tag\" value=\"wpcf7-f7-o1\" \/>\n<input type=\"hidden\" name=\"_wpcf7_container_post\" value=\"0\" \/>\n<input type=\"hidden\" name=\"_wpcf7_posted_data_hash\" value=\"\" \/>\n<input type=\"hidden\" name=\"_wpcf7_recaptcha_response\" value=\"\" \/>\n<\/div>\n<p><label> Imi\u0119 i nazwisko (wymagane)<br \/>\n    <span class=\"wpcf7-form-control-wrap your-name\"><input type=\"text\" name=\"your-name\" value=\"\" size=\"40\" class=\"wpcf7-form-control wpcf7-text wpcf7-validates-as-required\" aria-required=\"true\" aria-invalid=\"false\" \/><\/span> <\/label><\/p>\n<p><label> Email (wymagane)<br \/>\n    <span class=\"wpcf7-form-control-wrap your-email\"><input type=\"email\" name=\"your-email\" value=\"\" size=\"40\" class=\"wpcf7-form-control wpcf7-text wpcf7-email wpcf7-validates-as-required wpcf7-validates-as-email\" aria-required=\"true\" aria-invalid=\"false\" \/><\/span> <\/label><\/p>\n<p><label> Temat<br \/>\n    <span class=\"wpcf7-form-control-wrap your-subject\"><input type=\"text\" name=\"your-subject\" value=\"\" size=\"40\" class=\"wpcf7-form-control wpcf7-text\" aria-invalid=\"false\" \/><\/span> <\/label><\/p>\n<p><label> Wiadomo\u015b\u0107<br \/>\n    <span class=\"wpcf7-form-control-wrap your-message\"><textarea name=\"your-message\" cols=\"40\" rows=\"10\" class=\"wpcf7-form-control wpcf7-textarea\" aria-invalid=\"false\"><\/textarea><\/span> <\/label><\/p>\n<p><input type=\"submit\" value=\"Wy\u015blij\" class=\"wpcf7-form-control wpcf7-submit\" \/><\/p>\n<div class=\"wpcf7-response-output\" aria-hidden=\"true\"><\/div><\/form><\/div>[\/vc_column][\/vc_row][vc_row][vc_column][\/vc_column][\/vc_row]<\/p>\n","protected":false},"excerpt":{"rendered":"<p>[vc_row][vc_column][vc_separator css=&#8221;.vc_custom_1599564356041{padding-bottom: 10px !important;}&#8221;][vc_column_text] SKONTAKTUJ SI\u0118 Z NAMI [\/vc_column_text][vc_empty_space height=&#8221;30px&#8221;][vc_message css_animation=&#8221;fadeIn&#8221;]Szanowni Pa\u0144stwo, informujemy, \u017ce interesant\u00f3w przyjmujemy w pi\u0105tki w godzinach od 8:00 do 16:00 w naszym biurze pod adresem ul. Pu\u0142awska 1A\/1, 02-515 Warszawa. Przed wizyt\u0105 prosimy o kontakt telefoniczny lub mailowy.[\/vc_message][vc_column_text css=&#8221;.vc_custom_1599633733527{margin-bottom: 15px !important;}&#8221;] MT Construction Jakub Chmiel [\/vc_column_text][vc_column_text css=&#8221;.vc_custom_1608034890837{margin-top: 15px !important;margin-bottom: 30px !important;}&#8221;]<a class=\"read-more\" href=\"https:\/\/mtconstruction.pl\/index.php\/kontakt\/\">Continue reading <i class=\"fal fa-angle-right\"><\/i><\/a><\/p>\n","protected":false},"author":1,"featured_media":391,"parent":0,"menu_order":0,"comment_status":"closed","ping_status":"closed","template":"","meta":[],"_links":{"self":[{"href":"https:\/\/mtconstruction.pl\/index.php\/wp-json\/wp\/v2\/pages\/16"}],"collection":[{"href":"https:\/\/mtconstruction.pl\/index.php\/wp-json\/wp\/v2\/pages"}],"about":[{"href":"https:\/\/mtconstruction.pl\/index.php\/wp-json\/wp\/v2\/types\/page"}],"author":[{"embeddable":true,"href":"https:\/\/mtconstruction.pl\/index.php\/wp-json\/wp\/v2\/users\/1"}],"replies":[{"embeddable":true,"href":"https:\/\/mtconstruction.pl\/index.php\/wp-json\/wp\/v2\/comments?post=16"}],"version-history":[{"count":29,"href":"https:\/\/mtconstruction.pl\/index.php\/wp-json\/wp\/v2\/pages\/16\/revisions"}],"predecessor-version":[{"id":423,"href":"https:\/\/mtconstruction.pl\/index.php\/wp-json\/wp\/v2\/pages\/16\/revisions\/423"}],"wp:featuredmedia":[{"embeddable":true,"href":"https:\/\/mtconstruction.pl\/index.php\/wp-json\/wp\/v2\/media\/391"}],"wp:attachment":[{"href":"https:\/\/mtconstruction.pl\/index.php\/wp-json\/wp\/v2\/media?parent=16"}],"curies":[{"name":"wp","href":"https:\/\/api.w.org\/{rel}","templated":true}]}}