{"id":274,"date":"2017-11-04T12:51:20","date_gmt":"2017-11-04T12:51:20","guid":{"rendered":"http:\/\/dynamix.acoda.com\/horizon\/?page_id=6"},"modified":"2020-12-22T14:39:45","modified_gmt":"2020-12-22T13:39:45","slug":"home","status":"publish","type":"page","link":"https:\/\/mtconstruction.pl\/","title":{"rendered":"Strona g\u0142\u00f3wna"},"content":{"rendered":"<p>[vc_row full_width=&#8221;stretch_row_content&#8221; full_height=&#8221;half_row_height&#8221; v_position=&#8221;bottom&#8221; overlay_color=&#8221;rgba(0,0,0,0.4)&#8221; parallax=&#8221;content-moving-fade&#8221; font_color=&#8221;#ffffff&#8221; css=&#8221;.vc_custom_1600345048549{background-image: url(http:\/\/mtconstruction.pl\/wp-content\/uploads\/2020\/09\/blue-alex-jodoin-246078.jpg?id=328) !important;}&#8221;][vc_column][vc_column_text css_animation=&#8221;fadeInDown&#8221;]<\/p>\n<p style=\"text-align: center;\"><span class=\"big-text\"><em>MT Construction<\/em><\/span><\/p>\n<h1 style=\"text-align: center;\"><span class=\"white-text\">DZIE\u0143 DOBRY!<\/span><\/h1>\n<p>[\/vc_column_text][vc_empty_space height=&#8221;30px&#8221;][vc_btn title=&#8221;O NAS&#8221; style=&#8221;flat&#8221; shape=&#8221;round&#8221; color=&#8221;warning&#8221; align=&#8221;center&#8221; i_icon_fontawesome=&#8221;fa fa-share&#8221; css_animation=&#8221;fadeInUp&#8221; add_icon=&#8221;true&#8221; link=&#8221;url:http%3A%2F%2Fmtconstruction.pl%2Findex.php%2Fo-nas%2F|title:O%20nas||&#8221;][\/vc_column][\/vc_row][vc_row css=&#8221;.vc_custom_1512670204032{padding-top: 90px !important;}&#8221;][vc_column width=&#8221;1\/12&#8243; offset=&#8221;vc_col-lg-1 vc_hidden-md vc_hidden-sm vc_hidden-xs&#8221;][\/vc_column][vc_column offset=&#8221;vc_col-lg-10 vc_col-md-12 vc_col-xs-12&#8243;][vc_column_text]<\/p>\n<div id=\"block-20d2d7d07ef691626788\" class=\"sqs-block html-block sqs-block-html\">\n<div id=\"yui_3_17_2_1_1509803920595_432\" class=\"sqs-block-content\">\n<h2 id=\"yui_3_17_2_1_1509803920595_431\" class=\"text-align-center\" style=\"text-align: center;\">Witamy na stronie MT Construction<\/h2>\n<\/div>\n<\/div>\n<p>[\/vc_column_text][vc_row_inner css=&#8221;.vc_custom_1509806572412{margin-bottom: 0px !important;padding-bottom: 0px !important;}&#8221;][vc_column_inner width=&#8221;1\/12&#8243; offset=&#8221;vc_col-lg-1 vc_hidden-md vc_hidden-sm vc_hidden-xs&#8221;][\/vc_column_inner][vc_column_inner offset=&#8221;vc_col-lg-10 vc_col-md-12 vc_col-xs-12&#8243;][vc_column_text]<\/p>\n<p style=\"text-align: center;\">Jeste\u015bmy firm\u0105 \u015bwiadcz\u0105c\u0105 kompleksowe us\u0142ugi spawania konstrukcji stalowych &#8211; od pomys\u0142u, przez projekt, do gotowego produktu.<\/p>\n<p style=\"text-align: center;\"><em>Rozwijaj sw\u00f3j biznes z nami, z\u00a0<a href=\"http:\/\/mtconstruction.pl\/index.php\/o-nas\/\" target=\"_blank\" rel=\"noopener noreferrer\">MT Construction.<\/a><\/em><\/p>\n<p>[\/vc_column_text][\/vc_column_inner][vc_column_inner width=&#8221;1\/12&#8243; offset=&#8221;vc_hidden-md vc_hidden-sm vc_hidden-xs&#8221;][\/vc_column_inner][\/vc_row_inner][\/vc_column][vc_column width=&#8221;1\/12&#8243; offset=&#8221;vc_col-lg-1 vc_hidden-md vc_hidden-sm vc_hidden-xs&#8221;][\/vc_column][\/vc_row][vc_row css=&#8221;.vc_custom_1513246517429{padding-top: 0px !important;}&#8221;][vc_column css_animation=&#8221;left-to-right&#8221; width=&#8221;1\/2&#8243;][vc_single_image image=&#8221;264&#8243; img_size=&#8221;large&#8221;][vc_empty_space height=&#8221;30px&#8221;][vc_column_text]<\/p>\n<h3 id=\"yui_3_17_2_1_1509805748011_380\" class=\"text-align-center\" style=\"text-align: center;\">[vc_icon icon_fontawesome=&#8221;fa fa-users&#8221; size=&#8221;sm&#8221; ]\u00a0O NAS<\/h3>\n<p id=\"yui_3_17_2_1_1509813796086_409\" class=\"text-align-center\" style=\"text-align: center;\">Jako pr\u0119\u017cnie rozwijaj\u0105ca si\u0119 firma wiemy, \u017ce wiedza i profesjonalne podej\u015bcie do wykonywanych obowi\u0105zk\u00f3w owocuje d\u0142ugoterminow\u0105 wsp\u00f3\u0142prac\u0105 z naszymi klientami. W MT Construction wierzymy, \u017ce codzienne zaanga\u017cowanie w powierzone nam zlecenia gwarantuje najwy\u017csz\u0105 jako\u015b\u0107 \u015bwiadczonych przez nas us\u0142ug.<\/p>\n<p id=\"yui_3_17_2_1_1509813796086_379\" class=\"text-align-center\" style=\"text-align: center;\"><a id=\"yui_3_17_2_1_1509813796086_378\" href=\"http:\/\/mtconstruction.pl\/index.php\/o-nas\/\">Poznajmy si\u0119 \u2192<\/a><\/p>\n<p>[\/vc_column_text][\/vc_column][vc_column css_animation=&#8221;right-to-left&#8221; width=&#8221;1\/2&#8243;][vc_single_image image=&#8221;263&#8243; img_size=&#8221;large&#8221;][vc_empty_space height=&#8221;30px&#8221;][vc_column_text]<\/p>\n<h3 class=\"text-align-center\" style=\"text-align: center;\">[vc_icon icon_fontawesome=&#8221;fa fa-cubes&#8221;\u00a0 size=&#8221;sm&#8221;] NASZA OFERTA<\/h3>\n<p class=\"text-align-center\" style=\"text-align: center;\">Naszym klientom oferujemy szeroki wachlarz us\u0142ug z zakresu obr\u00f3bki stali &#8211; projektujemy oraz dostarczamy konstrukcje stalowe \u0142\u0105czone metod\u0105 spawania. Jeste\u015bmy przedsi\u0119biorstwem wielozadaniowym &#8211; mierzymy wysoko. To pow\u00f3d, dla kt\u00f3rego rozszerzamy nasz\u0105 ofert\u0119 o czarter jacht\u00f3w.<\/p>\n<p class=\"text-align-center\" style=\"text-align: center;\"><a href=\"http:\/\/mtconstruction.pl\/index.php\/oferta\/\">Sprawd\u017a nasz\u0105 ofert\u0119 \u2192<\/a><\/p>\n<p>[\/vc_column_text][\/vc_column][\/vc_row]<\/p>\n","protected":false},"excerpt":{"rendered":"<p>[vc_row full_width=&#8221;stretch_row_content&#8221; full_height=&#8221;half_row_height&#8221; v_position=&#8221;bottom&#8221; overlay_color=&#8221;rgba(0,0,0,0.4)&#8221; parallax=&#8221;content-moving-fade&#8221; font_color=&#8221;#ffffff&#8221; css=&#8221;.vc_custom_1600345048549{background-image: url(http:\/\/mtconstruction.pl\/wp-content\/uploads\/2020\/09\/blue-alex-jodoin-246078.jpg?id=328) !important;}&#8221;][vc_column][vc_column_text css_animation=&#8221;fadeInDown&#8221;] MT Construction DZIE\u0143 DOBRY! [\/vc_column_text][vc_empty_space height=&#8221;30px&#8221;][vc_btn title=&#8221;O NAS&#8221; style=&#8221;flat&#8221; shape=&#8221;round&#8221; color=&#8221;warning&#8221; align=&#8221;center&#8221; i_icon_fontawesome=&#8221;fa fa-share&#8221; css_animation=&#8221;fadeInUp&#8221; add_icon=&#8221;true&#8221; link=&#8221;url:http%3A%2F%2Fmtconstruction.pl%2Findex.php%2Fo-nas%2F|title:O%20nas||&#8221;][\/vc_column][\/vc_row][vc_row css=&#8221;.vc_custom_1512670204032{padding-top: 90px !important;}&#8221;][vc_column width=&#8221;1\/12&#8243; offset=&#8221;vc_col-lg-1 vc_hidden-md vc_hidden-sm vc_hidden-xs&#8221;][\/vc_column][vc_column offset=&#8221;vc_col-lg-10 vc_col-md-12 vc_col-xs-12&#8243;][vc_column_text] Witamy na stronie MT Construction [\/vc_column_text][vc_row_inner css=&#8221;.vc_custom_1509806572412{margin-bottom: 0px !important;padding-bottom: 0px !important;}&#8221;][vc_column_inner width=&#8221;1\/12&#8243; offset=&#8221;vc_col-lg-1 vc_hidden-md vc_hidden-sm vc_hidden-xs&#8221;][\/vc_column_inner][vc_column_inner<a class=\"read-more\" href=\"https:\/\/mtconstruction.pl\/\">Continue reading <i class=\"fal fa-angle-right\"><\/i><\/a><\/p>\n","protected":false},"author":1,"featured_media":0,"parent":0,"menu_order":0,"comment_status":"closed","ping_status":"closed","template":"","meta":[],"_links":{"self":[{"href":"https:\/\/mtconstruction.pl\/index.php\/wp-json\/wp\/v2\/pages\/274"}],"collection":[{"href":"https:\/\/mtconstruction.pl\/index.php\/wp-json\/wp\/v2\/pages"}],"about":[{"href":"https:\/\/mtconstruction.pl\/index.php\/wp-json\/wp\/v2\/types\/page"}],"author":[{"embeddable":true,"href":"https:\/\/mtconstruction.pl\/index.php\/wp-json\/wp\/v2\/users\/1"}],"replies":[{"embeddable":true,"href":"https:\/\/mtconstruction.pl\/index.php\/wp-json\/wp\/v2\/comments?post=274"}],"version-history":[{"count":14,"href":"https:\/\/mtconstruction.pl\/index.php\/wp-json\/wp\/v2\/pages\/274\/revisions"}],"predecessor-version":[{"id":415,"href":"https:\/\/mtconstruction.pl\/index.php\/wp-json\/wp\/v2\/pages\/274\/revisions\/415"}],"wp:attachment":[{"href":"https:\/\/mtconstruction.pl\/index.php\/wp-json\/wp\/v2\/media?parent=274"}],"curies":[{"name":"wp","href":"https:\/\/api.w.org\/{rel}","templated":true}]}}