{"id":426,"date":"2024-10-07T13:24:02","date_gmt":"2024-10-07T11:24:02","guid":{"rendered":"https:\/\/mtconstruction.pl\/?page_id=426"},"modified":"2024-10-08T09:59:49","modified_gmt":"2024-10-08T07:59:49","slug":"sygnalisci","status":"publish","type":"page","link":"https:\/\/mtconstruction.pl\/index.php\/sygnalisci\/","title":{"rendered":"Sygnali\u015bci"},"content":{"rendered":"<p>[vc_row][vc_column][vc_column_text]<\/p>\n<h3><strong>Strona Zg\u0142osze\u0144 Narusze\u0144 zgodnie z Dyrektyw\u0105 Parlamentu Europejskiego i Rady (UE) 2019\/1937<\/strong><br \/>\n<strong>z dnia 23 pa\u017adziernika 2019 r.<\/strong><\/h3>\n<p>[\/vc_column_text][vc_empty_space height=&#8221;40px&#8221;][vc_column_text]<\/p>\n<p>Na tej stronie znajdziesz wszystkie niezb\u0119dne informacje oraz dokumenty potrzebne do zg\u0142oszenia narusze\u0144 zgodnie z dyrektyw\u0105 w sprawie ochrony os\u00f3b zg\u0142aszaj\u0105cych naruszenia prawa Unii. Naszym celem jest zapewnienie przejrzysto\u015bci i wsparcia dla os\u00f3b, kt\u00f3re chc\u0105 zg\u0142osi\u0107 nieprawid\u0142owo\u015bci w spos\u00f3b bezpieczny i poufny. Poni\u017cej znajduje si\u0119 lista dost\u0119pnych zasob\u00f3w:<\/p>\n<p>[\/vc_column_text][vc_empty_space height=&#8221;30px&#8221;][vc_column_text]<\/p>\n<h4><strong>Za\u0142\u0105czniki nr 1: Regulamin<\/strong><\/h4>\n<p>[\/vc_column_text][vc_empty_space height=&#8221;30px&#8221;][vc_column_text]Regulamin ten szczeg\u00f3\u0142owo opisuje zasady i procedury zg\u0142aszania narusze\u0144. Znajdziesz w nim definicje kluczowych termin\u00f3w, takich jak \u201csygnalista\u201d i \u201cnaruszenie\u201d, a tak\u017ce szczeg\u00f3\u0142owy opis krok\u00f3w, kt\u00f3re nale\u017cy podj\u0105\u0107, aby zg\u0142osi\u0107 naruszenie. Dokument ten zawiera r\u00f3wnie\u017c informacje na temat ochrony sygnalist\u00f3w przed represjami oraz zapewnienia poufno\u015bci zg\u0142osze\u0144.[\/vc_column_text][vc_empty_space height=&#8221;20px&#8221;][vc_column_text]<\/p>\n<ul>\n<li><a href=\"https:\/\/mtconstruction.pl\/wp-content\/uploads\/2024\/10\/Regulamin-zgloszen-wewnetrznych-MT-Construction-1.pdf\">Za\u0142\u0105cznik do pobrania<\/a><\/li>\n<\/ul>\n<p>[\/vc_column_text][vc_empty_space height=&#8221;30px&#8221;][vc_column_text]<\/p>\n<h4><strong>Za\u0142\u0105czniki nr 2: Rejestr zg\u0142osze\u0144 wewn\u0119trznych<\/strong><\/h4>\n<p>[\/vc_column_text][vc_empty_space height=&#8221;30px&#8221;][vc_column_text]Dokumentacja wszystkich zg\u0142osze\u0144 narusze\u0144, kt\u00f3ra jest prowadzona w celu monitorowania i archiwizacji zg\u0142osze\u0144.[\/vc_column_text][vc_empty_space height=&#8221;30px&#8221;][vc_column_text]<\/p>\n<ul>\n<li><a href=\"https:\/\/mtconstruction.pl\/wp-content\/uploads\/2024\/10\/REJESTR-ZGLOSZEN-WEWNETRZNYCH.pdf\">Za\u0142\u0105cznik do pobrania<\/a><\/li>\n<\/ul>\n<p>[\/vc_column_text][vc_empty_space height=&#8221;30px&#8221;][vc_column_text]<\/p>\n<h4><strong>KONTAKT<\/strong><\/h4>\n<p>[\/vc_column_text][vc_empty_space height=&#8221;30px&#8221;][vc_column_text]Je\u015bli masz jakiekolwiek pytania lub w\u0105tpliwo\u015bci dotycz\u0105ce procesu zg\u0142aszania narusze\u0144, prosimy o kontakt pod adresem e-mail:\u00a0<span id=\"cloakaeaa232727cc3ebb32b30cd66320b647\"><a href=\"mailto:zgloszenia.sygnalista@mototruck.com\">zgloszenia.sygnalista@mototruck.com<\/a><\/span>. Jeste\u015bmy tutaj, aby pom\u00f3c i zapewni\u0107 wsparcie na ka\u017cdym etapie procesu.[\/vc_column_text][vc_empty_space height=&#8221;40px&#8221;][vc_column_text]<\/p>\n<h4 style=\"text-align: center;\">Jeste\u015b zainteresowany wsp\u00f3\u0142prac\u0105? Potrzebujesz szczeg\u00f3\u0142owych informacji?\u00a0<strong><a href=\"https:\/\/mtconstruction.pl\/index.php\/kontakt\/\"><span class=\"orange\">Skorzystaj z formularza kontaktowego i zostaw nam wiadomo\u015b\u0107.<\/span><\/a><\/strong><\/h4>\n<p>[\/vc_column_text][\/vc_column][\/vc_row]<\/p>\n","protected":false},"excerpt":{"rendered":"<p>[vc_row][vc_column][vc_column_text] Strona Zg\u0142osze\u0144 Narusze\u0144 zgodnie z Dyrektyw\u0105 Parlamentu Europejskiego i Rady (UE) 2019\/1937 z dnia 23 pa\u017adziernika 2019 r. [\/vc_column_text][vc_empty_space height=&#8221;40px&#8221;][vc_column_text] Na tej stronie znajdziesz wszystkie niezb\u0119dne informacje oraz dokumenty potrzebne do zg\u0142oszenia narusze\u0144 zgodnie z dyrektyw\u0105 w sprawie ochrony os\u00f3b zg\u0142aszaj\u0105cych naruszenia prawa Unii. Naszym celem jest zapewnienie przejrzysto\u015bci i wsparcia dla os\u00f3b, kt\u00f3re<a class=\"read-more\" href=\"https:\/\/mtconstruction.pl\/index.php\/sygnalisci\/\">Continue reading <i class=\"fal fa-angle-right\"><\/i><\/a><\/p>\n","protected":false},"author":1,"featured_media":0,"parent":0,"menu_order":0,"comment_status":"closed","ping_status":"closed","template":"","meta":[],"_links":{"self":[{"href":"https:\/\/mtconstruction.pl\/index.php\/wp-json\/wp\/v2\/pages\/426"}],"collection":[{"href":"https:\/\/mtconstruction.pl\/index.php\/wp-json\/wp\/v2\/pages"}],"about":[{"href":"https:\/\/mtconstruction.pl\/index.php\/wp-json\/wp\/v2\/types\/page"}],"author":[{"embeddable":true,"href":"https:\/\/mtconstruction.pl\/index.php\/wp-json\/wp\/v2\/users\/1"}],"replies":[{"embeddable":true,"href":"https:\/\/mtconstruction.pl\/index.php\/wp-json\/wp\/v2\/comments?post=426"}],"version-history":[{"count":15,"href":"https:\/\/mtconstruction.pl\/index.php\/wp-json\/wp\/v2\/pages\/426\/revisions"}],"predecessor-version":[{"id":466,"href":"https:\/\/mtconstruction.pl\/index.php\/wp-json\/wp\/v2\/pages\/426\/revisions\/466"}],"wp:attachment":[{"href":"https:\/\/mtconstruction.pl\/index.php\/wp-json\/wp\/v2\/media?parent=426"}],"curies":[{"name":"wp","href":"https:\/\/api.w.org\/{rel}","templated":true}]}}